{"id":1401,"date":"2020-09-29T07:31:08","date_gmt":"2020-09-29T07:31:08","guid":{"rendered":"https:\/\/pixel24.world\/haendler\/"},"modified":"2022-04-17T13:05:49","modified_gmt":"2022-04-17T13:05:49","slug":"haendler","status":"publish","type":"page","link":"https:\/\/pixel24.world\/cs\/haendler\/","title":{"rendered":"P\u0159ihl\u00e1\u0161en\u00ed prodejce"},"content":{"rendered":"","protected":false},"excerpt":{"rendered":"","protected":false},"author":3,"featured_media":1402,"parent":0,"menu_order":23,"comment_status":"closed","ping_status":"closed","template":"","meta":{"inline_featured_image":false,"footnotes":""},"acf":[],"yoast_head":"<!-- This site is optimized with the Yoast SEO Premium plugin v14.7 - https:\/\/yoast.com\/wordpress\/plugins\/seo\/ -->\n<title>P\u0159ihl\u00e1\u0161en\u00ed prodejce - Pixel24<\/title>\n<meta name=\"robots\" content=\"index, follow\" \/>\n<meta name=\"googlebot\" content=\"index, follow, max-snippet:-1, max-image-preview:large, max-video-preview:-1\" \/>\n<meta name=\"bingbot\" content=\"index, follow, max-snippet:-1, max-image-preview:large, max-video-preview:-1\" \/>\n<link rel=\"canonical\" href=\"https:\/\/pixel24.world\/cs\/haendler\/\" \/>\n<meta property=\"og:locale\" content=\"cs_CZ\" \/>\n<meta property=\"og:type\" content=\"article\" \/>\n<meta property=\"og:title\" content=\"P\u0159ihl\u00e1\u0161en\u00ed prodejce - Pixel24\" \/>\n<meta property=\"og:url\" content=\"https:\/\/pixel24.world\/cs\/haendler\/\" \/>\n<meta property=\"og:site_name\" content=\"Pixel24\" \/>\n<meta property=\"article:modified_time\" content=\"2022-04-17T13:05:49+00:00\" \/>\n<meta property=\"og:image\" content=\"https:\/\/pixel24.world\/wp-content\/uploads\/2020\/09\/cover_any-page@2x.jpg\" \/>\n\t<meta property=\"og:image:width\" content=\"2560\" \/>\n\t<meta property=\"og:image:height\" content=\"467\" \/>\n<meta name=\"twitter:card\" content=\"summary_large_image\" \/>\n<script type=\"application\/ld+json\" class=\"yoast-schema-graph\">{\"@context\":\"https:\/\/schema.org\",\"@graph\":[{\"@type\":\"WebSite\",\"@id\":\"https:\/\/pixel24.world\/cs\/#website\",\"url\":\"https:\/\/pixel24.world\/cs\/\",\"name\":\"Pixel24\",\"description\":\"Pixel24 AG ist ein Schweizer Softwareunternehmen f\\u00fcr KI-basierte Bildbearbeitung, digitale Design-Tools und IT-Integration im Automobilbereich. Optimieren Sie Ihre Fahrzeugpr\\u00e4sentation mit GAD \\u2013 unserer intelligenten Foto-Plattform. Jetzt kostenlos Demo buchen.\",\"potentialAction\":[{\"@type\":\"SearchAction\",\"target\":\"https:\/\/pixel24.world\/cs\/?s={search_term_string}\",\"query-input\":\"required name=search_term_string\"}],\"inLanguage\":\"cs\"},{\"@type\":\"ImageObject\",\"@id\":\"https:\/\/pixel24.world\/cs\/haendler\/#primaryimage\",\"inLanguage\":\"cs\",\"url\":\"https:\/\/pixel24.world\/wp-content\/uploads\/2020\/09\/cover_any-page@2x.jpg\",\"width\":2560,\"height\":467,\"caption\":\"Fahrzeug fotografie App\"},{\"@type\":\"WebPage\",\"@id\":\"https:\/\/pixel24.world\/cs\/haendler\/#webpage\",\"url\":\"https:\/\/pixel24.world\/cs\/haendler\/\",\"name\":\"P\\u0159ihl\\u00e1\\u0161en\\u00ed prodejce - Pixel24\",\"isPartOf\":{\"@id\":\"https:\/\/pixel24.world\/cs\/#website\"},\"primaryImageOfPage\":{\"@id\":\"https:\/\/pixel24.world\/cs\/haendler\/#primaryimage\"},\"datePublished\":\"2020-09-29T07:31:08+00:00\",\"dateModified\":\"2022-04-17T13:05:49+00:00\",\"inLanguage\":\"cs\",\"potentialAction\":[{\"@type\":\"ReadAction\",\"target\":[\"https:\/\/pixel24.world\/cs\/haendler\/\"]}]}]}<\/script>\n<!-- \/ Yoast SEO Premium plugin. -->","_links":{"self":[{"href":"https:\/\/pixel24.world\/cs\/wp-json\/wp\/v2\/pages\/1401"}],"collection":[{"href":"https:\/\/pixel24.world\/cs\/wp-json\/wp\/v2\/pages"}],"about":[{"href":"https:\/\/pixel24.world\/cs\/wp-json\/wp\/v2\/types\/page"}],"author":[{"embeddable":true,"href":"https:\/\/pixel24.world\/cs\/wp-json\/wp\/v2\/users\/3"}],"replies":[{"embeddable":true,"href":"https:\/\/pixel24.world\/cs\/wp-json\/wp\/v2\/comments?post=1401"}],"version-history":[{"count":6,"href":"https:\/\/pixel24.world\/cs\/wp-json\/wp\/v2\/pages\/1401\/revisions"}],"predecessor-version":[{"id":4922,"href":"https:\/\/pixel24.world\/cs\/wp-json\/wp\/v2\/pages\/1401\/revisions\/4922"}],"wp:featuredmedia":[{"embeddable":true,"href":"https:\/\/pixel24.world\/cs\/wp-json\/wp\/v2\/media\/1402"}],"wp:attachment":[{"href":"https:\/\/pixel24.world\/cs\/wp-json\/wp\/v2\/media?parent=1401"}],"curies":[{"name":"wp","href":"https:\/\/api.w.org\/{rel}","templated":true}]}}